{"id":108,"date":"2021-03-12T10:44:42","date_gmt":"2021-03-12T10:44:42","guid":{"rendered":"https:\/\/harranegypt.com\/services\/"},"modified":"2024-12-23T18:45:51","modified_gmt":"2024-12-23T16:45:51","slug":"%d8%a7%d9%84%d8%a3%d8%b9%d9%85%d8%a7%d9%84-%d8%a7%d9%84%d8%b5%d9%86%d8%a7%d8%b9%d9%8a%d8%a9","status":"publish","type":"page","link":"https:\/\/harranegypt.com\/de\/%d8%a7%d9%84%d8%a3%d8%b9%d9%85%d8%a7%d9%84-%d8%a7%d9%84%d8%b5%d9%86%d8%a7%d8%b9%d9%8a%d8%a9\/","title":{"rendered":"Industrielles Gesch\u00e4ft"},"content":{"rendered":"<div data-elementor-type=\"wp-page\" data-elementor-id=\"108\" class=\"elementor elementor-108\">\n\t\t\t\t\t\t<section class=\"elementor-section elementor-top-section elementor-element elementor-element-ad14add elementor-section-boxed elementor-section-height-default elementor-section-height-default\" data-id=\"ad14add\" data-element_type=\"section\" data-e-type=\"section\">\n\t\t\t\t\t\t<div class=\"elementor-container elementor-column-gap-no\">\n\t\t\t\t\t<div class=\"aux-parallax-section elementor-column elementor-col-100 elementor-top-column elementor-element elementor-element-fc40b82\" data-id=\"fc40b82\" data-element_type=\"column\" data-e-type=\"column\">\n\t\t\t<div class=\"elementor-widget-wrap elementor-element-populated\">\n\t\t\t\t\t\t<section class=\"elementor-section elementor-inner-section elementor-element elementor-element-5be7c58 elementor-section-boxed elementor-section-height-default elementor-section-height-default\" data-id=\"5be7c58\" data-element_type=\"section\" data-e-type=\"section\">\n\t\t\t\t\t\t<div class=\"elementor-container elementor-column-gap-no\">\n\t\t\t\t\t<div class=\"aux-parallax-section elementor-column elementor-col-100 elementor-inner-column elementor-element elementor-element-896e66a\" data-id=\"896e66a\" data-element_type=\"column\" data-e-type=\"column\">\n\t\t\t<div class=\"elementor-widget-wrap elementor-element-populated\">\n\t\t\t\t\t\t<div class=\"elementor-element elementor-element-6a30621 elementor-widget__width-auto aux-appear-watch-animation aux-fade-in-left-1 elementor-widget-divider--view-line elementor-widget elementor-widget-divider\" data-id=\"6a30621\" data-element_type=\"widget\" data-e-type=\"widget\" data-widget_type=\"divider.default\">\n\t\t\t\t<div class=\"elementor-widget-container\">\n\t\t\t\t\t\t\t<div class=\"elementor-divider\">\n\t\t\t<span class=\"elementor-divider-separator\">\n\t\t\t\t\t\t<\/span>\n\t\t<\/div>\n\t\t\t\t\t\t<\/div>\n\t\t\t\t<\/div>\n\t\t\t\t<div class=\"elementor-element elementor-element-ae892db elementor-widget__width-auto aux-appear-watch-animation aux-fade-in-right-1 elementor-widget elementor-widget-heading\" data-id=\"ae892db\" data-element_type=\"widget\" data-e-type=\"widget\" data-widget_type=\"heading.default\">\n\t\t\t\t<div class=\"elementor-widget-container\">\n\t\t\t\t\t<h4 class=\"elementor-heading-title elementor-size-default\"> Haran Unternehmen Dienstleistungen<\/h4>\t\t\t\t<\/div>\n\t\t\t\t<\/div>\n\t\t\t\t\t<\/div>\n\t\t<\/div>\n\t\t\t\t\t<\/div>\n\t\t<\/section>\n\t\t\t\t<div class=\"elementor-element elementor-element-4102fe8 aux-appear-watch-animation aux-fade-in-up elementor-widget elementor-widget-aux_modern_heading\" data-id=\"4102fe8\" data-element_type=\"widget\" data-e-type=\"widget\" data-widget_type=\"aux_modern_heading.default\">\n\t\t\t\t<div class=\"elementor-widget-container\">\n\t\t\t\t\t<section class=\"aux-widget-modern-heading\">\n            <div class=\"aux-widget-inner\"><h1 class=\"aux-modern-heading-primary\">Integrierte Dienstleistungen, die Ihr Gesch\u00e4ft unterst\u00fctzen<\/h1><\/div>\n        <\/section>\t\t\t\t<\/div>\n\t\t\t\t<\/div>\n\t\t\t\t\t<\/div>\n\t\t<\/div>\n\t\t\t\t\t<\/div>\n\t\t<\/section>\n\t\t\t\t<section class=\"elementor-section elementor-top-section elementor-element elementor-element-34885b7 elementor-section-boxed elementor-section-height-default elementor-section-height-default\" data-id=\"34885b7\" data-element_type=\"section\" data-e-type=\"section\">\n\t\t\t\t\t\t<div class=\"elementor-container elementor-column-gap-no\">\n\t\t\t\t\t<div class=\"aux-parallax-section elementor-column elementor-col-100 elementor-top-column elementor-element elementor-element-8ad43a5\" data-id=\"8ad43a5\" data-element_type=\"column\" data-e-type=\"column\">\n\t\t\t<div class=\"elementor-widget-wrap elementor-element-populated\">\n\t\t\t\t\t\t<section class=\"elementor-section elementor-inner-section elementor-element elementor-element-8eee5a7 aux-appear-watch-animation aux-fade-in-up elementor-section-boxed elementor-section-height-default elementor-section-height-default\" data-id=\"8eee5a7\" data-element_type=\"section\" data-e-type=\"section\">\n\t\t\t\t\t\t<div class=\"elementor-container elementor-column-gap-no\">\n\t\t\t\t\t<div class=\"aux-parallax-section elementor-column elementor-col-33 elementor-inner-column elementor-element elementor-element-1b607fa aux-services\" data-id=\"1b607fa\" data-element_type=\"column\" data-e-type=\"column\" data-settings=\"{&quot;background_background&quot;:&quot;classic&quot;}\">\n\t\t\t<div class=\"elementor-widget-wrap elementor-element-populated\">\n\t\t\t\t\t\t<div class=\"elementor-element elementor-element-974218e elementor-widget elementor-widget-image\" data-id=\"974218e\" data-element_type=\"widget\" data-e-type=\"widget\" data-widget_type=\"image.default\">\n\t\t\t\t<div class=\"elementor-widget-container\">\n\t\t\t\t\t\t\t\t\t\t\t\t\t\t\t\t<a href=\"https:\/\/harranegypt.com\/de\/%d8%ad%d8%b1%d8%a7%d9%86-%d8%a8%d9%84%d8%a7%d8%b3%d8%aa\/\">\n\t\t\t\t\t\t\t<img fetchpriority=\"high\" decoding=\"async\" width=\"1024\" height=\"1024\" src=\"https:\/\/harranegypt.com\/wp-content\/uploads\/2024\/11\/119-1024x1024.jpg\" class=\"attachment-large size-large wp-image-304\" alt=\"\" srcset=\"https:\/\/harranegypt.com\/wp-content\/uploads\/2024\/11\/119-1024x1024.jpg 1024w, https:\/\/harranegypt.com\/wp-content\/uploads\/2024\/11\/119-300x300.jpg 300w, https:\/\/harranegypt.com\/wp-content\/uploads\/2024\/11\/119-150x150.jpg 150w, https:\/\/harranegypt.com\/wp-content\/uploads\/2024\/11\/119-768x768.jpg 768w, https:\/\/harranegypt.com\/wp-content\/uploads\/2024\/11\/119-200x200.jpg 200w, https:\/\/harranegypt.com\/wp-content\/uploads\/2024\/11\/elementor\/thumbs\/119-qxkw6h52t5dhsdtmgat621x7b5n4apa34zbjzdojj4.jpg 560w, https:\/\/harranegypt.com\/wp-content\/uploads\/2024\/11\/119.jpg 1080w\" sizes=\"(max-width: 1024px) 100vw, 1024px\" \/>\t\t\t\t\t\t\t\t<\/a>\n\t\t\t\t\t\t\t\t\t\t\t\t\t\t\t<\/div>\n\t\t\t\t<\/div>\n\t\t\t\t<div class=\"elementor-element elementor-element-b2a4ec9 elementor-widget elementor-widget-aux_modern_heading\" data-id=\"b2a4ec9\" data-element_type=\"widget\" data-e-type=\"widget\" data-widget_type=\"aux_modern_heading.default\">\n\t\t\t\t<div class=\"elementor-widget-container\">\n\t\t\t\t\t<section class=\"aux-widget-modern-heading\">\n            <div class=\"aux-widget-inner\"><a href=\"https:\/\/harranegypt.com\/de\/%d8%ad%d8%b1%d8%a7%d9%86-%d8%a8%d9%84%d8%a7%d8%b3%d8%aa\/\" class=\"aux-modern-heading-primary-link\"><h3 class=\"aux-modern-heading-primary\">Harran Blast<\/h3><\/a><div class=\"aux-modern-heading-description\"><p>Kompetenz und Qualit\u00e4t bei der Herstellung von Kunststoffbeuteln und Verpackungsbeuteln aller Art, von gewebten und Jumbos\u00e4cken bis hin zu bedruckten Pure Packaging Beuteln mit einem Gewicht von 1 bis 25 kg, um allen Verpackungsanforderungen gerecht zu werden.<\/p><\/div><\/div>\n        <\/section>\t\t\t\t<\/div>\n\t\t\t\t<\/div>\n\t\t\t\t\t<\/div>\n\t\t<\/div>\n\t\t\t\t<div class=\"aux-parallax-section elementor-column elementor-col-33 elementor-inner-column elementor-element elementor-element-c2e1ff8 aux-services\" data-id=\"c2e1ff8\" data-element_type=\"column\" data-e-type=\"column\" data-settings=\"{&quot;background_background&quot;:&quot;classic&quot;}\">\n\t\t\t<div class=\"elementor-widget-wrap elementor-element-populated\">\n\t\t\t\t\t\t<div class=\"elementor-element elementor-element-4923990 elementor-widget elementor-widget-image\" data-id=\"4923990\" data-element_type=\"widget\" data-e-type=\"widget\" data-widget_type=\"image.default\">\n\t\t\t\t<div class=\"elementor-widget-container\">\n\t\t\t\t\t\t\t\t\t\t\t\t\t\t\t\t<a href=\"https:\/\/harranegypt.com\/de\/%d8%ad%d8%b1%d8%a7%d9%86-%d9%84%d9%84%d9%83%d9%8a%d9%85%d8%a7%d9%88%d9%8a%d8%a7%d8%aa\/\">\n\t\t\t\t\t\t\t<img decoding=\"async\" width=\"1024\" height=\"1024\" src=\"https:\/\/harranegypt.com\/wp-content\/uploads\/2024\/11\/118-1024x1024.jpg\" class=\"attachment-large size-large wp-image-303\" alt=\"\" srcset=\"https:\/\/harranegypt.com\/wp-content\/uploads\/2024\/11\/118-1024x1024.jpg 1024w, https:\/\/harranegypt.com\/wp-content\/uploads\/2024\/11\/118-300x300.jpg 300w, https:\/\/harranegypt.com\/wp-content\/uploads\/2024\/11\/118-150x150.jpg 150w, https:\/\/harranegypt.com\/wp-content\/uploads\/2024\/11\/118-768x768.jpg 768w, https:\/\/harranegypt.com\/wp-content\/uploads\/2024\/11\/118-200x200.jpg 200w, https:\/\/harranegypt.com\/wp-content\/uploads\/2024\/11\/118.jpg 1080w\" sizes=\"(max-width: 1024px) 100vw, 1024px\" \/>\t\t\t\t\t\t\t\t<\/a>\n\t\t\t\t\t\t\t\t\t\t\t\t\t\t\t<\/div>\n\t\t\t\t<\/div>\n\t\t\t\t<div class=\"elementor-element elementor-element-4db8a25 elementor-widget elementor-widget-aux_modern_heading\" data-id=\"4db8a25\" data-element_type=\"widget\" data-e-type=\"widget\" data-widget_type=\"aux_modern_heading.default\">\n\t\t\t\t<div class=\"elementor-widget-container\">\n\t\t\t\t\t<section class=\"aux-widget-modern-heading\">\n            <div class=\"aux-widget-inner\"><a href=\"https:\/\/harranegypt.com\/de\/%d8%ad%d8%b1%d8%a7%d9%86-%d9%84%d9%84%d9%83%d9%8a%d9%85%d8%a7%d9%88%d9%8a%d8%a7%d8%aa\/\" class=\"aux-modern-heading-primary-link\"><h3 class=\"aux-modern-heading-primary\">Harran Chemikalien<\/h3><\/a><div class=\"aux-modern-heading-description\"><p>Wir bieten Komplettl\u00f6sungen f\u00fcr den Bedarf verschiedener Industrien, darunter Chlorgas f\u00fcr die Trinkwasseraufbereitung, fl\u00fcssige und feste Natronlauge und eine Vielzahl von Phosphatd\u00fcngern wie SSP, TSP, DAP und Harnstoff. Hochwertige und zuverl\u00e4ssige Dienstleistungen zur Unterst\u00fctzung des landwirtschaftlichen und industriellen Sektors.<\/p><\/div><\/div>\n        <\/section>\t\t\t\t<\/div>\n\t\t\t\t<\/div>\n\t\t\t\t\t<\/div>\n\t\t<\/div>\n\t\t\t\t<div class=\"aux-parallax-section elementor-column elementor-col-33 elementor-inner-column elementor-element elementor-element-812b1d0 aux-services\" data-id=\"812b1d0\" data-element_type=\"column\" data-e-type=\"column\" data-settings=\"{&quot;background_background&quot;:&quot;classic&quot;}\">\n\t\t\t<div class=\"elementor-widget-wrap elementor-element-populated\">\n\t\t\t\t\t\t<div class=\"elementor-element elementor-element-05d43e2 elementor-widget elementor-widget-image\" data-id=\"05d43e2\" data-element_type=\"widget\" data-e-type=\"widget\" data-widget_type=\"image.default\">\n\t\t\t\t<div class=\"elementor-widget-container\">\n\t\t\t\t\t\t\t\t\t\t\t\t\t\t\t\t<a href=\"https:\/\/harranegypt.com\/de\/%d8%a7%d9%84%d8%aa%d8%b9%d8%af%d9%8a%d9%86\/\">\n\t\t\t\t\t\t\t<img decoding=\"async\" width=\"1024\" height=\"1024\" src=\"https:\/\/harranegypt.com\/wp-content\/uploads\/2024\/11\/117-1024x1024.jpg\" class=\"attachment-large size-large wp-image-302\" alt=\"\" srcset=\"https:\/\/harranegypt.com\/wp-content\/uploads\/2024\/11\/117-1024x1024.jpg 1024w, https:\/\/harranegypt.com\/wp-content\/uploads\/2024\/11\/117-300x300.jpg 300w, https:\/\/harranegypt.com\/wp-content\/uploads\/2024\/11\/117-150x150.jpg 150w, https:\/\/harranegypt.com\/wp-content\/uploads\/2024\/11\/117-768x768.jpg 768w, https:\/\/harranegypt.com\/wp-content\/uploads\/2024\/11\/117-200x200.jpg 200w, https:\/\/harranegypt.com\/wp-content\/uploads\/2024\/11\/117.jpg 1080w\" sizes=\"(max-width: 1024px) 100vw, 1024px\" \/>\t\t\t\t\t\t\t\t<\/a>\n\t\t\t\t\t\t\t\t\t\t\t\t\t\t\t<\/div>\n\t\t\t\t<\/div>\n\t\t\t\t<div class=\"elementor-element elementor-element-fbf931b elementor-widget elementor-widget-aux_modern_heading\" data-id=\"fbf931b\" data-element_type=\"widget\" data-e-type=\"widget\" data-widget_type=\"aux_modern_heading.default\">\n\t\t\t\t<div class=\"elementor-widget-container\">\n\t\t\t\t\t<section class=\"aux-widget-modern-heading\">\n            <div class=\"aux-widget-inner\"><a href=\"https:\/\/harranegypt.com\/de\/%d8%a7%d9%84%d8%aa%d8%b9%d8%af%d9%8a%d9%86\/\" class=\"aux-modern-heading-primary-link\"><h3 class=\"aux-modern-heading-primary\">Harran Bergbau<\/h3><\/a><div class=\"aux-modern-heading-description\"><p>Haran Mining bietet hochwertiges Tafelsalz und Gewerbesalze an, darunter reines Siwa-Salz, Streusalz und Phosphat mit einer Reinheit von 26%-30%, um die unterschiedlichsten Anforderungen zu erf\u00fcllen.<\/p><\/div><\/div>\n        <\/section>\t\t\t\t<\/div>\n\t\t\t\t<\/div>\n\t\t\t\t\t<\/div>\n\t\t<\/div>\n\t\t\t\t\t<\/div>\n\t\t<\/section>\n\t\t\t\t\t<\/div>\n\t\t<\/div>\n\t\t\t\t\t<\/div>\n\t\t<\/section>\n\t\t\t\t<section class=\"elementor-section elementor-top-section elementor-element elementor-element-95c7a45 elementor-reverse-mobile elementor-section-boxed elementor-section-height-default elementor-section-height-default\" data-id=\"95c7a45\" data-element_type=\"section\" data-e-type=\"section\">\n\t\t\t\t\t\t<div class=\"elementor-container elementor-column-gap-no\">\n\t\t\t\t\t<div class=\"aux-parallax-section elementor-column elementor-col-50 elementor-top-column elementor-element elementor-element-af4d449 aux-counter-column\" data-id=\"af4d449\" data-element_type=\"column\" data-e-type=\"column\">\n\t\t\t<div class=\"elementor-widget-wrap elementor-element-populated\">\n\t\t\t\t\t\t<div class=\"elementor-element elementor-element-30999bd aux-appear-watch-animation aux-scale-down elementor-widget elementor-widget-image\" data-id=\"30999bd\" data-element_type=\"widget\" data-e-type=\"widget\" data-widget_type=\"image.default\">\n\t\t\t\t<div class=\"elementor-widget-container\">\n\t\t\t\t\t\t\t\t\t\t\t\t\t\t\t<img loading=\"lazy\" decoding=\"async\" width=\"1200\" height=\"800\" src=\"https:\/\/harranegypt.com\/wp-content\/uploads\/2024\/11\/1_yelhn5CXvk4_gLAA4fiE9w.webp\" class=\"attachment-full size-full wp-image-190\" alt=\"\" srcset=\"https:\/\/harranegypt.com\/wp-content\/uploads\/2024\/11\/1_yelhn5CXvk4_gLAA4fiE9w.webp 1200w, https:\/\/harranegypt.com\/wp-content\/uploads\/2024\/11\/1_yelhn5CXvk4_gLAA4fiE9w-200x133.webp 200w\" sizes=\"(max-width: 1200px) 100vw, 1200px\" \/>\t\t\t\t\t\t\t\t\t\t\t\t\t\t\t<\/div>\n\t\t\t\t<\/div>\n\t\t\t\t<div class=\"aux-scroll-anim elementor-element elementor-element-d110c5a elementor-widget__width-initial elementor-widget-tablet__width-auto elementor-widget-mobile__width-auto elementor-widget elementor-widget-counter\" data-move-in=\"moveHorizontal\" data-move-out=\"moveHorizontal\" data-axis-x=\"-15\" data-axis-y=\"200\" data-rotate=\"90\" data-scale=\"1\" data-vp-top=\"0.5\" data-vp-bot=\"0.5\" data-el-top=\"0.2\" data-scroll-animation-off=\"1024\" data-id=\"d110c5a\" data-element_type=\"widget\" data-e-type=\"widget\" data-widget_type=\"counter.default\">\n\t\t\t\t<div class=\"elementor-widget-container\">\n\t\t\t\t\t\t\t<div class=\"elementor-counter\">\n\t\t\t<div class=\"elementor-counter-title\">Jahre der Erfahrung<\/div>\t\t\t<div class=\"elementor-counter-number-wrapper\">\n\t\t\t\t<span class=\"elementor-counter-number-prefix\">+<\/span>\n\t\t\t\t<span class=\"elementor-counter-number\" data-duration=\"2000\" data-to-value=\"4\" data-from-value=\"0\" data-delimiter=\",\">0<\/span>\n\t\t\t\t<span class=\"elementor-counter-number-suffix\"><\/span>\n\t\t\t<\/div>\n\t\t<\/div>\n\t\t\t\t\t\t<\/div>\n\t\t\t\t<\/div>\n\t\t\t\t\t<\/div>\n\t\t<\/div>\n\t\t\t\t<div class=\"aux-parallax-section elementor-column elementor-col-50 elementor-top-column elementor-element elementor-element-58351f2 aux-find-column\" data-id=\"58351f2\" data-element_type=\"column\" data-e-type=\"column\">\n\t\t\t<div class=\"elementor-widget-wrap elementor-element-populated\">\n\t\t\t\t\t\t<section class=\"elementor-section elementor-inner-section elementor-element elementor-element-b10b3f2 elementor-section-boxed elementor-section-height-default elementor-section-height-default\" data-id=\"b10b3f2\" data-element_type=\"section\" data-e-type=\"section\">\n\t\t\t\t\t\t<div class=\"elementor-container elementor-column-gap-no\">\n\t\t\t\t\t<div class=\"aux-parallax-section elementor-column elementor-col-100 elementor-inner-column elementor-element elementor-element-72907af\" data-id=\"72907af\" data-element_type=\"column\" data-e-type=\"column\">\n\t\t\t<div class=\"elementor-widget-wrap elementor-element-populated\">\n\t\t\t\t\t\t<div class=\"elementor-element elementor-element-2f36309 elementor-widget__width-auto aux-appear-watch-animation aux-fade-in-left-1 elementor-widget-divider--view-line elementor-widget elementor-widget-divider\" data-id=\"2f36309\" data-element_type=\"widget\" data-e-type=\"widget\" data-widget_type=\"divider.default\">\n\t\t\t\t<div class=\"elementor-widget-container\">\n\t\t\t\t\t\t\t<div class=\"elementor-divider\">\n\t\t\t<span class=\"elementor-divider-separator\">\n\t\t\t\t\t\t<\/span>\n\t\t<\/div>\n\t\t\t\t\t\t<\/div>\n\t\t\t\t<\/div>\n\t\t\t\t<div class=\"elementor-element elementor-element-3e18e4b elementor-widget__width-auto aux-appear-watch-animation aux-fade-in-right-1 elementor-widget elementor-widget-heading\" data-id=\"3e18e4b\" data-element_type=\"widget\" data-e-type=\"widget\" data-widget_type=\"heading.default\">\n\t\t\t\t<div class=\"elementor-widget-container\">\n\t\t\t\t\t<h4 class=\"elementor-heading-title elementor-size-default\">Harran Import und Export<\/h4>\t\t\t\t<\/div>\n\t\t\t\t<\/div>\n\t\t\t\t\t<\/div>\n\t\t<\/div>\n\t\t\t\t\t<\/div>\n\t\t<\/section>\n\t\t\t\t<div class=\"elementor-element elementor-element-404cc67 aux-appear-watch-animation aux-fade-in-up elementor-widget elementor-widget-aux_modern_heading\" data-id=\"404cc67\" data-element_type=\"widget\" data-e-type=\"widget\" data-widget_type=\"aux_modern_heading.default\">\n\t\t\t\t<div class=\"elementor-widget-container\">\n\t\t\t\t\t<section class=\"aux-widget-modern-heading\">\n            <div class=\"aux-widget-inner\"><h1 class=\"aux-modern-heading-primary\">Ihr zuverl\u00e4ssiger Partner f\u00fcr die Erledigung von Aufgaben<\/h1><div class=\"aux-modern-heading-description\"><p>Wir bei Haran glauben, dass Erfolg mit einer zuverl\u00e4ssigen Partnerschaft und Dienstleistungen beginnt, die auf Qualit\u00e4t und Engagement basieren. Wir sind hier, um Teil Ihres Erfolges zu sein, ganz gleich, ob Sie spezialisierte L\u00f6sungen f\u00fcr den Handel, die Produktion von Plastikt\u00fcten oder die Versorgung mit Chemikalien und Metallen ben\u00f6tigen. Mit unserem professionellen Team und unserer langj\u00e4hrigen Erfahrung sorgen wir daf\u00fcr, dass Sie Ihre Erwartungen erf\u00fcllen und Ihre Ziele verwirklichen k\u00f6nnen. Setzen Sie sich noch heute mit uns in Verbindung, und lassen Sie uns gemeinsam an einer erfolgreicheren Zukunft arbeiten.<\/p><\/div><\/div>\n        <\/section>\t\t\t\t<\/div>\n\t\t\t\t<\/div>\n\t\t\t\t<div class=\"elementor-element elementor-element-4317e5e aux-appear-watch-animation aux-fade-in-right-1 elementor-widget elementor-widget-aux_modern_button\" data-id=\"4317e5e\" data-element_type=\"widget\" data-e-type=\"widget\" data-widget_type=\"aux_modern_button.default\">\n\t\t\t\t<div class=\"elementor-widget-container\">\n\t\t\t\t\t    <div class=\"aux-modern-button-wrapper aux-modern-button-align-left\" >\n                    <a class=\"aux-modern-button aux-black aux-modern-button-md aux-modern-button-normal aux-modern-button-default aux-icon-\" href=\"https:\/\/harranegypt.com\/de\/%d9%85%d9%86-%d9%86%d8%ad%d9%86\/\">\n                <div class=\"aux-overlay\"><\/div>\n                                    <div class=\"aux-icon\">\n                                            <\/div>\n                                <div class=\"aux-text\">\n<span class=\"aux-text-before\">Erfahren Sie mehr \u00fcber Harran Company<\/span>                <\/div>\n            <\/a>\n            \n    <\/div>\n\n    \t\t\t\t<\/div>\n\t\t\t\t<\/div>\n\t\t\t\t\t<\/div>\n\t\t<\/div>\n\t\t\t\t\t<\/div>\n\t\t<\/section>\n\t\t\t\t<\/div>","protected":false},"excerpt":{"rendered":"<p>\u062e\u062f\u0645\u0627\u062a \u0634\u0631\u0643\u0629 \u062d\u0631\u0627\u0646 \u062e\u062f\u0645\u0627\u062a \u0645\u062a\u0643\u0627\u0645\u0644\u0629 \u062a\u062f\u0639\u0645 \u0623\u0639\u0645\u0627\u0644\u0643 \u0628\u0634\u0643\u0644 \u0645\u062a\u0643\u0627\u0645\u0644 \u062d\u0631\u0627\u0646 \u0628\u0644\u0627\u0633\u062a \u0627\u0644\u062e\u0628\u0631\u0629 \u0648\u0627\u0644\u062c\u0648\u062f\u0629 \u0641\u064a \u0625\u0646\u062a\u0627\u062c \u0627\u0644\u0623\u0643\u064a\u0627\u0633 \u0627\u0644\u0628\u0644\u0627\u0633\u062a\u064a\u0643\u064a\u0629 \u0648\u0623\u0643\u064a\u0627\u0633 \u0627\u0644\u062a\u063a\u0644\u064a\u0641 \u0628\u062c\u0645\u064a\u0639 \u0623\u0646\u0648\u0627\u0639\u0647\u0627 \u0645\u0646 \u0627\u0644\u0634\u0643\u0627\u064a\u0631 \u0627\u0644\u0645\u0646\u0633\u0648\u062c\u0629 \u0648\u0623\u0643\u064a\u0627\u0633 \u0627\u0644\u062c\u0627\u0645\u0628\u0648 \u0625\u0644\u0649 \u0623\u0643\u064a\u0627\u0633 \u0627\u0644\u062a\u0639\u0628\u0626\u0629 \u0627\u0644\u0628\u064a\u0648\u0631 \u0627\u0644\u0645\u0637\u0628\u0648\u0639\u0629 \u0628\u0623\u0648\u0632\u0627\u0646 \u062a\u062a\u0631\u0627\u0648\u062d \u0645\u0646 1 \u0625\u0644\u0649 25 \u0643\u064a\u0644\u0648\u062c\u0631\u0627\u0645\u060c \u0644\u062a\u0644\u0628\u064a\u0629 \u0643\u0627\u0641\u0629 \u0627\u062d\u062a\u064a\u0627\u062c\u0627\u062a \u0627\u0644\u062a\u0639\u0628\u0626\u0629 \u0648\u0627\u0644\u062a\u063a\u0644\u064a\u0641. \u062d\u0631\u0627\u0646 \u0644\u0644\u0643\u064a\u0645\u0627\u0648\u064a\u0627\u062a \u0646\u0642\u062f\u0645 \u062d\u0644\u0648\u0644\u0627 \u0645\u062a\u0643\u0627\u0645\u0644\u0629 \u0644\u062a\u0644\u0628\u064a\u0629 \u0627\u062d\u062a\u064a\u0627\u062c\u0627\u062a \u0627\u0644\u0635\u0646\u0627\u0639\u0627\u062a \u0627\u0644\u0645\u062e\u062a\u0644\u0641\u0629\u060c \u0628\u0645\u0627 \u0641\u064a \u0630\u0644\u0643 [&hellip;]<\/p>\n","protected":false},"author":1,"featured_media":0,"parent":0,"menu_order":0,"comment_status":"closed","ping_status":"closed","template":"","meta":{"footnotes":""},"class_list":["post-108","page","type-page","status-publish","hentry"],"_links":{"self":[{"href":"https:\/\/harranegypt.com\/de\/wp-json\/wp\/v2\/pages\/108","targetHints":{"allow":["GET"]}}],"collection":[{"href":"https:\/\/harranegypt.com\/de\/wp-json\/wp\/v2\/pages"}],"about":[{"href":"https:\/\/harranegypt.com\/de\/wp-json\/wp\/v2\/types\/page"}],"author":[{"embeddable":true,"href":"https:\/\/harranegypt.com\/de\/wp-json\/wp\/v2\/users\/1"}],"replies":[{"embeddable":true,"href":"https:\/\/harranegypt.com\/de\/wp-json\/wp\/v2\/comments?post=108"}],"version-history":[{"count":58,"href":"https:\/\/harranegypt.com\/de\/wp-json\/wp\/v2\/pages\/108\/revisions"}],"predecessor-version":[{"id":1117,"href":"https:\/\/harranegypt.com\/de\/wp-json\/wp\/v2\/pages\/108\/revisions\/1117"}],"wp:attachment":[{"href":"https:\/\/harranegypt.com\/de\/wp-json\/wp\/v2\/media?parent=108"}],"curies":[{"name":"wp","href":"https:\/\/api.w.org\/{rel}","templated":true}]}}