{"id":3,"date":"2024-11-07T09:56:23","date_gmt":"2024-11-07T09:56:23","guid":{"rendered":"https:\/\/harranegypt.com\/?page_id=3"},"modified":"2024-12-02T02:04:24","modified_gmt":"2024-12-02T00:04:24","slug":"privacy-policy","status":"publish","type":"page","link":"https:\/\/harranegypt.com\/de\/privacy-policy\/","title":{"rendered":"Datenschutzbestimmungen"},"content":{"rendered":"<div data-elementor-type=\"wp-page\" data-elementor-id=\"3\" class=\"elementor elementor-3\">\n\t\t\t\t\t\t<section class=\"elementor-section elementor-top-section elementor-element elementor-element-6ce5c66 elementor-section-boxed elementor-section-height-default elementor-section-height-default\" data-id=\"6ce5c66\" data-element_type=\"section\" data-e-type=\"section\">\n\t\t\t\t\t\t<div class=\"elementor-container elementor-column-gap-default\">\n\t\t\t\t\t<div class=\"aux-parallax-section elementor-column elementor-col-100 elementor-top-column elementor-element elementor-element-9b5f081\" data-id=\"9b5f081\" data-element_type=\"column\" data-e-type=\"column\">\n\t\t\t<div class=\"elementor-widget-wrap elementor-element-populated\">\n\t\t\t\t\t\t<div class=\"elementor-element elementor-element-95c7637 elementor-widget elementor-widget-heading\" data-id=\"95c7637\" data-element_type=\"widget\" data-e-type=\"widget\" data-widget_type=\"heading.default\">\n\t\t\t\t<div class=\"elementor-widget-container\">\n\t\t\t\t\t<h2 class=\"elementor-heading-title elementor-size-default\">Datenschutzbestimmungen<\/h2>\t\t\t\t<\/div>\n\t\t\t\t<\/div>\n\t\t\t\t\t<\/div>\n\t\t<\/div>\n\t\t\t\t\t<\/div>\n\t\t<\/section>\n\t\t\t\t<section class=\"elementor-section elementor-top-section elementor-element elementor-element-56d3ae84 elementor-section-boxed elementor-section-height-default elementor-section-height-default\" data-id=\"56d3ae84\" data-element_type=\"section\" data-e-type=\"section\">\n\t\t\t\t\t\t<div class=\"elementor-container elementor-column-gap-default\">\n\t\t\t\t\t<div class=\"aux-parallax-section elementor-column elementor-col-100 elementor-top-column elementor-element elementor-element-4d7b134a\" data-id=\"4d7b134a\" data-element_type=\"column\" data-e-type=\"column\">\n\t\t\t<div class=\"elementor-widget-wrap elementor-element-populated\">\n\t\t\t\t\t\t<div class=\"elementor-element elementor-element-1c36d7ab elementor-widget elementor-widget-text-editor\" data-id=\"1c36d7ab\" data-element_type=\"widget\" data-e-type=\"widget\" data-widget_type=\"text-editor.default\">\n\t\t\t\t<div class=\"elementor-widget-container\">\n\t\t\t\t\t\t\t\t\t<p><\/p>\n<p><strong>Haran Import und Export Unternehmen Datenschutzrichtlinie<\/strong><\/p>\n<p><strong>Einf\u00fchrung<\/strong> Haran Import &amp; Export verpflichtet sich, Ihre Privatsph\u00e4re zu sch\u00fctzen und die Vertraulichkeit Ihrer pers\u00f6nlichen Daten zu gew\u00e4hrleisten, wenn Sie unsere Website und Dienstleistungen nutzen. Diese Richtlinie soll erkl\u00e4ren, wie wir pers\u00f6nliche Daten sammeln, verwenden und sch\u00fctzen. Durch die Nutzung unserer Website und unserer Dienstleistungen erkl\u00e4ren Sie sich mit der Erfassung und Nutzung von Informationen gem\u00e4\u00df dieser Richtlinie einverstanden.<\/p>\n<p><strong>Die Informationen, die wir sammeln<\/strong> Wir sammeln die folgenden Informationen, wenn Sie unsere Website besuchen oder unsere Dienste nutzen:<\/p>\n<ol>\n<li><strong>Pers\u00f6nliche Informationen<\/strong>: Name, E-Mail-Adresse, Telefonnummer, Adresse und andere Informationen, die Sie uns freiwillig zur Verf\u00fcgung stellen, wenn Sie sich bei uns registrieren oder mit uns kommunizieren.<\/li>\n<li><strong>Technische Informationen<\/strong>: Browsertyp, IP-Adresse, Datum und Uhrzeit des Besuchs, besuchte Webseiten und Ihre Computerinformationen.<\/li>\n<li><strong>Informationen \u00fcber Produkte und Dienstleistungen<\/strong>: Zum Beispiel Details zu Produkten, die Sie angefragt oder gekauft haben.<\/li>\n<\/ol>\n<p><strong>Wie Sie die Informationen verwenden<\/strong> Wir verwenden die von uns gesammelten Informationen f\u00fcr die folgenden Zwecke:<\/p>\n<ol>\n<li><strong>Bereitstellung von Dienstleistungen<\/strong>: Um unsere Produkte und Dienstleistungen effektiv zu liefern.<\/li>\n<li><strong>Optimieren Sie Ihr Erlebnis<\/strong>: Um Ihre Bed\u00fcrfnisse besser zu verstehen und unsere Dienstleistungen zu verbessern, um Ihre Erwartungen zu erf\u00fcllen.<\/li>\n<li><strong>Kommunizieren Sie mit Ihnen<\/strong>: Um Ihre Anfragen zu beantworten oder Informationen zu den von Ihnen angeforderten Produkten und Dienstleistungen bereitzustellen.<\/li>\n<li><strong>Analysieren Sie die Daten<\/strong>: Um die Nutzung der Website zu analysieren und die Leistung der Website zu verbessern.<\/li>\n<li><strong>Marketing und Werbung<\/strong>: Um Ihnen Angebote und Aktualisierungen zu senden, die f\u00fcr Sie von Interesse sein k\u00f6nnten, einschlie\u00dflich Werbe-E-Mails (wenn Sie dem Erhalt solcher E-Mails zustimmen).<\/li>\n<\/ol>\n<p><strong>Schutz der Daten<\/strong> Wir verpflichten uns, angemessene Sicherheitsma\u00dfnahmen zu ergreifen, um Ihre pers\u00f6nlichen Daten vor unberechtigtem Zugriff, Manipulation oder Verlust zu sch\u00fctzen. Wir verwenden Technologien wie Verschl\u00fcsselung und andere Sicherheitstools, um die Sicherheit Ihrer Daten zu gew\u00e4hrleisten.<\/p>\n<p><strong>Weitergabe von Informationen an Dritte<\/strong> Wir verkaufen oder vermieten Ihre pers\u00f6nlichen Daten nicht an Dritte. Wir k\u00f6nnen Ihre Daten an vertrauensw\u00fcrdige Drittanbieter weitergeben, die uns bei der Erbringung unserer Dienstleistungen unterst\u00fctzen, z. B. Versandunternehmen oder Zahlungsanbieter. Diese Parteien sind verpflichtet, die Informationen nur f\u00fcr die von uns angegebenen Zwecke zu verwenden.<\/p>\n<p><strong>Cookies<\/strong> Unsere Website verwendet Cookies, um die Benutzerfreundlichkeit zu verbessern und den Datenverkehr zu analysieren. Sie k\u00f6nnen Ihren Browser so einstellen, dass er Cookies ablehnt oder Sie benachrichtigt, wenn sie gesendet werden, aber einige Funktionen der Website funktionieren dann m\u00f6glicherweise nicht richtig.<\/p>\n<p><strong>\u00c4nderungen der Datenschutzrichtlinie<\/strong> Wir behalten uns das Recht vor, diese Richtlinie von Zeit zu Zeit zu \u00e4ndern. Alle \u00c4nderungen werden auf dieser Seite mit einem aktualisierten G\u00fcltigkeitsdatum ver\u00f6ffentlicht. Wir empfehlen Ihnen, diese Seite regelm\u00e4\u00dfig auf \u00c4nderungen zu \u00fcberpr\u00fcfen.<\/p>\n<p><strong>Ihre Rechte<\/strong> Sie haben das Recht, Zugang zu Ihren pers\u00f6nlichen Daten zu verlangen und diese korrigieren oder l\u00f6schen zu lassen. Wenn Sie dies w\u00fcnschen, k\u00f6nnen Sie uns \u00fcber die auf der Website angegebenen Kontaktinformationen kontaktieren.<\/p>\n<p><strong>Nehmen Sie Kontakt mit uns auf<\/strong> Wenn Sie Fragen oder Anmerkungen zu dieser Datenschutzrichtlinie oder zum Umgang mit Ihren pers\u00f6nlichen Daten haben, k\u00f6nnen Sie uns per E-Mail kontaktieren: info@harranegypt.com.<\/p>\n<p><strong>Politikfluss<\/strong> Diese Richtlinie ist g\u00fcltig ab 27\/11\/2022<\/p>\t\t\t\t\t\t\t\t<\/div>\n\t\t\t\t<\/div>\n\t\t\t\t\t<\/div>\n\t\t<\/div>\n\t\t\t\t\t<\/div>\n\t\t<\/section>\n\t\t\t\t<\/div>","protected":false},"excerpt":{"rendered":"<p>\u0633\u064a\u0627\u0633\u0629 \u0627\u0644\u062e\u0635\u0648\u0635\u064a\u0629 \u0633\u064a\u0627\u0633\u0629 \u0627\u0644\u062e\u0635\u0648\u0635\u064a\u0629 \u0644\u0634\u0631\u0643\u0629 \u062d\u0640\u0631\u0627\u0646 \u0644\u0644\u0627\u0633\u062a\u064a\u0631\u0627\u062f \u0648\u0627\u0644\u062a\u0635\u062f\u064a\u0631 \u0645\u0642\u062f\u0645\u0629 \u0634\u0631\u0643\u0629 \u062d\u0640\u0631\u0627\u0646 \u0644\u0644\u0627\u0633\u062a\u064a\u0631\u0627\u062f \u0648\u0627\u0644\u062a\u0635\u062f\u064a\u0631 \u062a\u0644\u062a\u0632\u0645 \u0628\u062d\u0645\u0627\u064a\u0629 \u062e\u0635\u0648\u0635\u064a\u062a\u0643 \u0648\u0636\u0645\u0627\u0646 \u0633\u0631\u064a\u0629 \u0645\u0639\u0644\u0648\u0645\u0627\u062a\u0643 \u0627\u0644\u0634\u062e\u0635\u064a\u0629 \u0639\u0646\u062f \u0627\u0633\u062a\u062e\u062f\u0627\u0645\u0643 \u0644\u0645\u0648\u0642\u0639\u0646\u0627 \u0627\u0644\u0625\u0644\u0643\u062a\u0631\u0648\u0646\u064a \u0648\u062e\u062f\u0645\u0627\u062a\u0646\u0627. \u062a\u0647\u062f\u0641 \u0647\u0630\u0647 \u0627\u0644\u0633\u064a\u0627\u0633\u0629 \u0625\u0644\u0649 \u062a\u0648\u0636\u064a\u062d \u0643\u064a\u0641\u064a\u0629 \u062c\u0645\u0639\u0646\u0627 \u0644\u0644\u0645\u0639\u0644\u0648\u0645\u0627\u062a \u0627\u0644\u0634\u062e\u0635\u064a\u0629\u060c \u0648\u0627\u0633\u062a\u062e\u062f\u0627\u0645\u0647\u0627\u060c \u0648\u062d\u0645\u0627\u064a\u062a\u0647\u0627. \u0645\u0646 \u062e\u0644\u0627\u0644 \u0627\u0633\u062a\u062e\u062f\u0627\u0645\u0643 \u0644\u0644\u0645\u0648\u0642\u0639 \u0648\u0627\u0644\u062e\u062f\u0645\u0627\u062a \u0627\u0644\u062a\u064a \u0646\u0642\u062f\u0645\u0647\u0627\u060c \u0641\u0625\u0646\u0643 \u062a\u0648\u0627\u0641\u0642 \u0639\u0644\u0649 \u062c\u0645\u0639 \u0648\u0627\u0633\u062a\u062e\u062f\u0627\u0645 \u0627\u0644\u0645\u0639\u0644\u0648\u0645\u0627\u062a \u0648\u0641\u0642\u064b\u0627 \u0644\u0647\u0630\u0647 \u0627\u0644\u0633\u064a\u0627\u0633\u0629. \u0627\u0644\u0645\u0639\u0644\u0648\u0645\u0627\u062a \u0627\u0644\u062a\u064a \u0646\u062c\u0645\u0639\u0647\u0627 [&hellip;]<\/p>\n","protected":false},"author":1,"featured_media":0,"parent":0,"menu_order":0,"comment_status":"closed","ping_status":"closed","template":"","meta":{"footnotes":""},"class_list":["post-3","page","type-page","status-publish","hentry"],"_links":{"self":[{"href":"https:\/\/harranegypt.com\/de\/wp-json\/wp\/v2\/pages\/3","targetHints":{"allow":["GET"]}}],"collection":[{"href":"https:\/\/harranegypt.com\/de\/wp-json\/wp\/v2\/pages"}],"about":[{"href":"https:\/\/harranegypt.com\/de\/wp-json\/wp\/v2\/types\/page"}],"author":[{"embeddable":true,"href":"https:\/\/harranegypt.com\/de\/wp-json\/wp\/v2\/users\/1"}],"replies":[{"embeddable":true,"href":"https:\/\/harranegypt.com\/de\/wp-json\/wp\/v2\/comments?post=3"}],"version-history":[{"count":4,"href":"https:\/\/harranegypt.com\/de\/wp-json\/wp\/v2\/pages\/3\/revisions"}],"predecessor-version":[{"id":677,"href":"https:\/\/harranegypt.com\/de\/wp-json\/wp\/v2\/pages\/3\/revisions\/677"}],"wp:attachment":[{"href":"https:\/\/harranegypt.com\/de\/wp-json\/wp\/v2\/media?parent=3"}],"curies":[{"name":"wp","href":"https:\/\/api.w.org\/{rel}","templated":true}]}}